{"id":168,"date":"2024-11-18T18:27:08","date_gmt":"2024-11-18T17:27:08","guid":{"rendered":"https:\/\/www.alasvigilnevotasesores.es\/?page_id=168"},"modified":"2024-11-18T18:27:08","modified_gmt":"2024-11-18T17:27:08","slug":"aviso-legal","status":"publish","type":"page","link":"https:\/\/alasvigilnevotasesores.es\/en\/aviso-legal\/","title":{"rendered":"Legal Notice"},"content":{"rendered":"<p><strong>Titularidad de la Web<\/strong><br \/>\nEn cumplimiento con lo dispuesto en la Ley 34\/2002, de 11 de julio, de Servicios de la Sociedad de la Informaci\u00f3n y del Comercio Electr\u00f3nico (LSSI-CE), se informa que esta p\u00e1gina web, <strong><a href=\"https:\/\/alasvigilnevotasesores.es\/\" target=\"_new\" rel=\"noopener\">https:\/\/alasvigilnevotasesores.es\/<\/a><\/strong>, es titularidad de:<\/p>\n<ul>\n<li><strong>Empresa:<\/strong> ALAS Y VIGIL ASESORES, S.L.<\/li>\n<li><strong>CIF:<\/strong> B22211114<\/li>\n<li><strong>Direcci\u00f3n:<\/strong> [Introduce direcci\u00f3n f\u00edsica]<\/li>\n<li><strong>Tel\u00e9fono de contacto:<\/strong> 619755851<\/li>\n<li><strong>Correo electr\u00f3nico:<\/strong> [Introduce direcci\u00f3n de correo electr\u00f3nico]<\/li>\n<\/ul>\n<p>El acceso y\/o uso de esta p\u00e1gina web atribuye la condici\u00f3n de usuario, que acepta, desde dicho acceso y\/o uso, las presentes condiciones de uso.<\/p>\n<hr \/>\n<p><strong>Condiciones de Uso<\/strong><br \/>\nEl sitio web <a href=\"https:\/\/alasvigilnevotasesores.es\/\" target=\"_new\" rel=\"noopener\">https:\/\/alasvigilnevotasesores.es\/<\/a> proporciona acceso a informaci\u00f3n, servicios y datos (en adelante, \u00ablos contenidos\u00bb) pertenecientes a ALAS Y VIGIL ASESORES, S.L. El usuario asume la responsabilidad del uso del portal, comprometi\u00e9ndose a hacer un uso adecuado de los contenidos y servicios conforme a la legislaci\u00f3n vigente.<\/p>\n<p>Est\u00e1 prohibido utilizar el contenido de este sitio web para fines il\u00edcitos o que puedan perjudicar los intereses o derechos de terceros.<\/p>\n<hr \/>\n<p><strong>Propiedad Intelectual<\/strong><br \/>\nTodos los contenidos de la p\u00e1gina web (incluyendo, entre otros, textos, im\u00e1genes, dise\u00f1o gr\u00e1fico, logotipos, iconos, software, nombres comerciales, marcas o signos distintivos) son propiedad exclusiva de ALAS Y VIGIL ASESORES, S.L., o de terceros que hayan autorizado su uso en el sitio web, estando protegidos por las leyes nacionales e internacionales sobre propiedad intelectual e industrial.<\/p>\n<p>Queda expresamente prohibida la reproducci\u00f3n, distribuci\u00f3n, modificaci\u00f3n o comunicaci\u00f3n p\u00fablica de los contenidos del sitio web sin la autorizaci\u00f3n expresa del titular.<\/p>\n<hr \/>\n<p><strong>Exclusi\u00f3n de Responsabilidad<\/strong><br \/>\nALAS Y VIGIL ASESORES, S.L. no se responsabiliza de los da\u00f1os o perjuicios de cualquier naturaleza que puedan ocasionarse por errores u omisiones en los contenidos, falta de disponibilidad del portal o la transmisi\u00f3n de virus o programas maliciosos, a pesar de haber adoptado todas las medidas tecnol\u00f3gicas necesarias para evitarlo.<\/p>\n<hr \/>\n<p><strong>Protecci\u00f3n de Datos<\/strong><br \/>\nEn cumplimiento con el Reglamento General de Protecci\u00f3n de Datos (RGPD) y la Ley Org\u00e1nica de Protecci\u00f3n de Datos y Garant\u00eda de los Derechos Digitales (LOPDGDD), se informa al usuario que los datos personales facilitados a trav\u00e9s de esta web ser\u00e1n tratados conforme a nuestra [Pol\u00edtica de Privacidad](enlace a la pol\u00edtica de privacidad).<\/p>\n<hr \/>\n<p><strong>Enlaces Externos<\/strong><br \/>\nEl sitio web puede contener enlaces a otras p\u00e1ginas web. ALAS Y VIGIL ASESORES, S.L. no asume responsabilidad alguna por los contenidos, informaci\u00f3n o servicios que puedan ofrecerse en dichos enlaces, los cuales tienen car\u00e1cter meramente informativo.<\/p>\n<hr \/>\n<p><strong>Jurisdicci\u00f3n y Ley Aplicable<\/strong><br \/>\nPara la resoluci\u00f3n de cualquier conflicto o controversia relacionada con este sitio web o las actividades desarrolladas en \u00e9l, se aplicar\u00e1 la legislaci\u00f3n espa\u00f1ola, siendo competentes los Juzgados y Tribunales de Huesca.<\/p>\n<hr \/>\n<p><strong>Actualizaci\u00f3n del Aviso Legal<\/strong><br \/>\nALAS Y VIGIL ASESORES, S.L. se reserva el derecho de modificar el presente Aviso Legal para adaptarlo a novedades legislativas o jurisprudenciales, as\u00ed como a pr\u00e1cticas del sector. En tales casos, los cambios ser\u00e1n debidamente comunicados en esta p\u00e1gina.<\/p>\n","protected":false},"excerpt":{"rendered":"<p>Titularidad de la Web En cumplimiento con lo dispuesto en la Ley 34\/2002, de 11 de julio, de Servicios de la Sociedad de la Informaci\u00f3n y del Comercio Electr\u00f3nico (LSSI-CE), se informa que esta p\u00e1gina web, https:\/\/alasvigilnevotasesores.es\/, es titularidad de: Empresa: ALAS Y VIGIL ASESORES, S.L. CIF: B22211114 Direcci\u00f3n: [Introduce direcci\u00f3n f\u00edsica] Tel\u00e9fono de contacto: [&hellip;]<\/p>\n","protected":false},"author":1,"featured_media":0,"parent":0,"menu_order":0,"comment_status":"closed","ping_status":"closed","template":"","meta":{"footnotes":""},"class_list":["post-168","page","type-page","status-publish","hentry"],"_links":{"self":[{"href":"https:\/\/alasvigilnevotasesores.es\/en\/wp-json\/wp\/v2\/pages\/168","targetHints":{"allow":["GET"]}}],"collection":[{"href":"https:\/\/alasvigilnevotasesores.es\/en\/wp-json\/wp\/v2\/pages"}],"about":[{"href":"https:\/\/alasvigilnevotasesores.es\/en\/wp-json\/wp\/v2\/types\/page"}],"author":[{"embeddable":true,"href":"https:\/\/alasvigilnevotasesores.es\/en\/wp-json\/wp\/v2\/users\/1"}],"replies":[{"embeddable":true,"href":"https:\/\/alasvigilnevotasesores.es\/en\/wp-json\/wp\/v2\/comments?post=168"}],"version-history":[{"count":2,"href":"https:\/\/alasvigilnevotasesores.es\/en\/wp-json\/wp\/v2\/pages\/168\/revisions"}],"predecessor-version":[{"id":170,"href":"https:\/\/alasvigilnevotasesores.es\/en\/wp-json\/wp\/v2\/pages\/168\/revisions\/170"}],"wp:attachment":[{"href":"https:\/\/alasvigilnevotasesores.es\/en\/wp-json\/wp\/v2\/media?parent=168"}],"curies":[{"name":"wp","href":"https:\/\/api.w.org\/{rel}","templated":true}]}}