{"id":176,"date":"2024-11-18T18:37:30","date_gmt":"2024-11-18T17:37:30","guid":{"rendered":"https:\/\/www.alasvigilnevotasesores.es\/?page_id=176"},"modified":"2024-11-18T18:38:12","modified_gmt":"2024-11-18T17:38:12","slug":"politica-de-cookies","status":"publish","type":"page","link":"https:\/\/alasvigilnevotasesores.es\/en\/politica-de-cookies\/","title":{"rendered":"Cookie policy"},"content":{"rendered":"<p><strong>Introduction<\/strong><br \/>\nIn compliance with Article 22.2 of Law 34\/2002, of July 11, 2002, on Information Society Services and Electronic Commerce (LSSI-CE) and the General Data Protection Regulation (RGPD), we inform the users of the website <strong><a href=\"https:\/\/alasvigilnevotasesores.es\/en\/\" target=\"_new\" rel=\"noopener\">https:\/\/alasvigilnevotasesores.es\/<\/a><\/strong> about the use of cookies.<\/p>\n<hr \/>\n<h5><strong>What are cookies?<\/strong><\/h5>\n<p>Cookies are small text files that are stored on your device (computer, tablet, smartphone, etc.) when you visit a website. They allow the website to remember your visit and improve your browsing experience.<\/p>\n<hr \/>\n<h5><strong>Types of Cookies We Use<\/strong><\/h5>\n<p>At <strong><a href=\"https:\/\/alasvigilnevotasesores.es\/en\/\" target=\"_new\" rel=\"noopener\">https:\/\/alasvigilnevotasesores.es\/<\/a><\/strong> we use the following types of cookies:<\/p>\n<ol>\n<li><strong>Technical or Necessary Cookies:<\/strong><br \/>\nThese cookies are essential for the website to function properly and cannot be disabled on our systems. They include, for example, cookies that allow access to secure areas of the website.<\/li>\n<li><strong>Analytics Cookies:<\/strong><br \/>\nThese cookies collect information about how users interact with our website, such as pages visited or errors, to help us improve how the site works. Example: Google Analytics cookies.<\/li>\n<li><strong>Advertising Cookies:<\/strong><br \/>\nThese cookies are used to show you relevant and personalized ads based on your interests.<\/li>\n<li><strong>Third Party Cookies:<\/strong><br \/>\nThese cookies are installed by external services such as Google Maps, social networks or analysis tools.<\/li>\n<\/ol>\n<hr \/>\n<h5><strong>Cookies Used on This Site<\/strong><\/h5>\n<p>Below is the list of specific cookies used by our website:<\/p>\n<table>\n<thead>\n<tr>\n<th><strong>Cookie Name<\/strong><\/th>\n<th><strong>Type<\/strong><\/th>\n<th><strong>Purpose<\/strong><\/th>\n<th><strong>Duration<\/strong><\/th>\n<\/tr>\n<\/thead>\n<tbody>\n<tr>\n<td><code>cookielawinfo-checkbox<\/code><\/td>\n<td>Technique<\/td>\n<td>Manage cookie consent<\/td>\n<td>12 months<\/td>\n<\/tr>\n<tr>\n<td><code>_ga<\/code><\/td>\n<td>Analysis<\/td>\n<td>Google Analytics, visitor tracking<\/td>\n<td>2 years<\/td>\n<\/tr>\n<tr>\n<td><code>_gid<\/code><\/td>\n<td>Analysis<\/td>\n<td>Google Analytics, usage statistics<\/td>\n<td>24 hours<\/td>\n<\/tr>\n<\/tbody>\n<\/table>\n<hr \/>\n<h5><strong>Cookie Management<\/strong><\/h5>\n<p>You can manage your cookie preferences from the settings banner when you enter our website or through your browser settings:<\/p>\n<ul>\n<li><strong>Google Chrome:<\/strong> <a target=\"_new\" rel=\"noopener\">Cookie settings in Chrome<\/a>.<\/li>\n<li><strong>Mozilla Firefox:<\/strong> <a href=\"https:\/\/support.mozilla.org\/es\/kb\/habilitar-y-deshabilitar-cookies-sitios-web-rastrear-preferencias\" target=\"_new\" rel=\"noopener\">Firefox cookie settings<\/a>.<\/li>\n<li><strong>Safari:<\/strong> <a href=\"https:\/\/support.apple.com\/es-es\/guide\/safari\/sfri11471\/mac\" target=\"_new\" rel=\"noopener\">Cookie settings in Safari<\/a>.<\/li>\n<li><strong>Microsoft Edge:<\/strong> <a href=\"https:\/\/support.microsoft.com\/es-es\/help\/4027947\/windows-delete-cookies\" target=\"_new\" rel=\"noopener\">Cookie settings in Edge<\/a>.<\/li>\n<\/ul>\n<p>If you disable cookies, it is possible that some features of our website may not behave correctly.<\/p>\n<hr \/>\n<h5><strong>Consent<\/strong><\/h5>\n<p>By browsing our website, you agree to the use of cookies according to the terms described in this Cookie Policy. You can modify or withdraw your consent at any time from our cookie settings banner.<\/p>\n<hr \/>\n<h5><strong>Changes in the Cookies Policy<\/strong><\/h5>\n<p>We may update this policy at any time to reflect legislative changes or improvements to our website. You are advised to check this page periodically to be informed of any changes.<\/p>","protected":false},"excerpt":{"rendered":"<p>Introducci\u00f3n En cumplimiento con el art\u00edculo 22.2 de la Ley 34\/2002, de 11 de julio, de Servicios de la Sociedad de la Informaci\u00f3n y del Comercio Electr\u00f3nico (LSSI-CE) y el Reglamento General de Protecci\u00f3n de Datos (RGPD), informamos a los usuarios de la p\u00e1gina web https:\/\/alasvigilnevotasesores.es\/ sobre el uso de cookies. \u00bfQu\u00e9 son las cookies? [&hellip;]<\/p>\n","protected":false},"author":1,"featured_media":0,"parent":0,"menu_order":0,"comment_status":"closed","ping_status":"closed","template":"","meta":{"footnotes":""},"class_list":["post-176","page","type-page","status-publish","hentry"],"_links":{"self":[{"href":"https:\/\/alasvigilnevotasesores.es\/en\/wp-json\/wp\/v2\/pages\/176","targetHints":{"allow":["GET"]}}],"collection":[{"href":"https:\/\/alasvigilnevotasesores.es\/en\/wp-json\/wp\/v2\/pages"}],"about":[{"href":"https:\/\/alasvigilnevotasesores.es\/en\/wp-json\/wp\/v2\/types\/page"}],"author":[{"embeddable":true,"href":"https:\/\/alasvigilnevotasesores.es\/en\/wp-json\/wp\/v2\/users\/1"}],"replies":[{"embeddable":true,"href":"https:\/\/alasvigilnevotasesores.es\/en\/wp-json\/wp\/v2\/comments?post=176"}],"version-history":[{"count":3,"href":"https:\/\/alasvigilnevotasesores.es\/en\/wp-json\/wp\/v2\/pages\/176\/revisions"}],"predecessor-version":[{"id":179,"href":"https:\/\/alasvigilnevotasesores.es\/en\/wp-json\/wp\/v2\/pages\/176\/revisions\/179"}],"wp:attachment":[{"href":"https:\/\/alasvigilnevotasesores.es\/en\/wp-json\/wp\/v2\/media?parent=176"}],"curies":[{"name":"wp","href":"https:\/\/api.w.org\/{rel}","templated":true}]}}